{"id":77,"date":"2025-12-28T15:24:31","date_gmt":"2025-12-28T14:24:31","guid":{"rendered":"https:\/\/formatech.edilf.fr\/?page_id=77"},"modified":"2025-12-28T20:00:26","modified_gmt":"2025-12-28T19:00:26","slug":"inscription-professeurs-certifies-des-lycees","status":"publish","type":"page","link":"https:\/\/formatech.edilf.fr\/index.php\/inscription-professeurs-certifies-des-lycees\/","title":{"rendered":"Inscription Professeurs Certifi\u00e9s des Lyc\u00e9es"},"content":{"rendered":"<div style=\"background-color: #fff9db; border: 2px solid #ffca28; padding: 20px; border-radius: 10px; margin-bottom: 25px; font-family: 'Segoe UI', Arial, sans-serif; box-sizing: border-box; width: 100%;\">\n<div style=\"display: flex; align-items: center; margin-bottom: 10px;\">\n        <span style=\"font-size: 30px; margin-right: 15px;\">\ud83d\udee1\ufe0f<\/span><br \/>\n        <strong style=\"color: #1a237e; font-size: 20px; text-transform: uppercase;\">Engagement de Confidentialit\u00e9<\/strong>\n    <\/div>\n<p style=\"margin: 0; color: #1a237e; font-size: 18px; line-height: 1.6; text-align: left;\">\n        Les informations nominatives recueillies ici sont strictement r\u00e9serv\u00e9es \u00e0 la gestion logistique du Webinaire (envoi du lien s\u00e9curis\u00e9) et \u00e0 l&rsquo;\u00e9tablissement de votre <strong>Attestation de Participation<\/strong>. Aucune donn\u00e9e ne sera transmise \u00e0 des tiers ou \u00e0 votre hi\u00e9rarchie administrative.\n    <\/p>\n<\/div>\n<div class=\"frm_forms  with_frm_style frm_style_style-formidable\" id=\"frm_form_4_container\" >\n<form enctype=\"multipart\/form-data\" method=\"post\" class=\"frm-show-form \" id=\"form_capes-capet\" >\n<div class=\"frm_form_fields \">\n<fieldset>\n<legend class=\"frm_screen_reader\">Formulaire CAPES et CAPET<\/legend>\r\n\r\n<div class=\"frm_fields_container\">\n<input type=\"hidden\" name=\"frm_action\" value=\"create\" \/>\n<input type=\"hidden\" name=\"form_id\" value=\"4\" \/>\n<input type=\"hidden\" name=\"frm_hide_fields_4\" id=\"frm_hide_fields_4\" value=\"\" \/>\n<input type=\"hidden\" name=\"form_key\" value=\"capes-capet\" \/>\n<input type=\"hidden\" name=\"item_meta[0]\" value=\"\" \/>\n<input type=\"hidden\" id=\"frm_submit_entry_4\" name=\"frm_submit_entry_4\" value=\"63342978ec\" \/><input type=\"hidden\" name=\"_wp_http_referer\" value=\"\/index.php\/wp-json\/wp\/v2\/pages\/77\" \/><div id=\"frm_field_30_container\" class=\"frm_form_field form-field  frm_top_container frm_first frm_half\">\r\n\t<label for=\"field_qh4icy32\" id=\"field_qh4icy32_label\" class=\"frm_primary_label\">Pr\u00e9nom\r\n\t\t<span class=\"frm_required\" aria-hidden=\"true\"><\/span>\r\n\t<\/label>\r\n\t<input type=\"text\" id=\"field_qh4icy32\" name=\"item_meta[30]\" value=\"\"  data-invmsg=\"Pr\u00e9nom est non valide\" aria-invalid=\"false\"   aria-describedby=\"frm_desc_field_qh4icy32\"\/>\r\n\t<div class=\"frm_description\" id=\"frm_desc_field_qh4icy32\">Pr\u00e9nom<\/div>\r\n\t\r\n<\/div>\n<div id=\"frm_field_31_container\" class=\"frm_form_field form-field  frm_hidden_container frm_half\">\r\n\t<label for=\"field_ocfup132\" id=\"field_ocfup132_label\" class=\"frm_primary_label\">Nom de famille\r\n\t\t<span class=\"frm_required\" aria-hidden=\"true\"><\/span>\r\n\t<\/label>\r\n\t<input type=\"text\" id=\"field_ocfup132\" name=\"item_meta[31]\" value=\"\"  data-invmsg=\"Nom de famille est non valide\" aria-invalid=\"false\"   aria-describedby=\"frm_desc_field_ocfup132\"\/>\r\n\t<div class=\"frm_description\" id=\"frm_desc_field_ocfup132\">Nom de famille<\/div>\r\n\t\r\n<\/div>\n<div id=\"frm_field_32_container\" class=\"frm_form_field form-field  frm_top_container frm_full\">\r\n\t<label for=\"field_29yf4d32\" id=\"field_29yf4d32_label\" class=\"frm_primary_label\">Email\r\n\t\t<span class=\"frm_required\" aria-hidden=\"true\"><\/span>\r\n\t<\/label>\r\n\t<input type=\"email\" id=\"field_29yf4d32\" name=\"item_meta[32]\" value=\"\"  data-invmsg=\"Please enter a valid email address\" aria-invalid=\"false\"  \/>\r\n\t\r\n\t\r\n<\/div>\n<div id=\"frm_field_33_container\" class=\"frm_form_field form-field  frm_top_container\">\r\n\t<label for=\"field_azkdg3\" id=\"field_azkdg3_label\" class=\"frm_primary_label\">Num\u00e9ro WhatsAppp\r\n\t\t<span class=\"frm_required\" aria-hidden=\"true\"><\/span>\r\n\t<\/label>\r\n\t<input type=\"text\" id=\"field_azkdg3\" name=\"item_meta[33]\" value=\"\"  placeholder=\"Entrez votre num\u00e9ro sous la forme +Indicatif Numero, Exemple: +123 45678901\" data-invmsg=\"Num\u00e9ro WhatsAppp est non valide\" aria-invalid=\"false\"   aria-describedby=\"frm_desc_field_azkdg3\"\/>\r\n\t<div class=\"frm_description\" id=\"frm_desc_field_azkdg3\">Ce num\u00e9ro sera utilis\u00e9 pour l'envoi du  lien Google Meet ou des informations rapides<\/div>\r\n\t\r\n<\/div>\n<div id=\"frm_field_34_container\" class=\"frm_form_field form-field  frm_top_container\">\r\n\t<label for=\"field_i2xzb3\" id=\"field_i2xzb3_label\" class=\"frm_primary_label\">Discipline(s) enseign\u00e9e(s)\r\n\t\t<span class=\"frm_required\" aria-hidden=\"true\"><\/span>\r\n\t<\/label>\r\n\t<input type=\"text\" id=\"field_i2xzb3\" name=\"item_meta[34]\" value=\"\"  placeholder=\"Par exemple, &quot;Math\u00e9matiques&quot;, &quot;Physique-Chimie&quot;\" data-invmsg=\"Discipline(s) enseign\u00e9e(s) est non valide\" aria-invalid=\"false\"   aria-describedby=\"frm_desc_field_i2xzb3\"\/>\r\n\t<div class=\"frm_description\" id=\"frm_desc_field_i2xzb3\">Votre domaine d'expertise ou discipline<\/div>\r\n\t\r\n<\/div>\n<div id=\"frm_field_35_container\" class=\"frm_form_field form-field  frm_top_container\">\r\n\t<label for=\"field_aucbe2\" id=\"field_aucbe2_label\" class=\"frm_primary_label\">D\u00e9partement ou region d'intervention\r\n\t\t<span class=\"frm_required\" aria-hidden=\"true\"><\/span>\r\n\t<\/label>\r\n\t<input type=\"text\" id=\"field_aucbe2\" name=\"item_meta[35]\" value=\"\"  placeholder=\"Information statistique anonyme et facultative\" data-invmsg=\"D\u00e9partement ou region d&#039;intervention est non valide\" aria-invalid=\"false\"  \/>\r\n\t\r\n\t\r\n<\/div>\n<div id=\"frm_field_36_container\" class=\"frm_form_field form-field  frm_top_container\">\r\n\t<label for=\"field_x5alz3\" id=\"field_x5alz3_label\" class=\"frm_primary_label\">Vos attentes concernant le webinaire ou la formation \r\n\t\t<span class=\"frm_required\" aria-hidden=\"true\"><\/span>\r\n\t<\/label>\r\n\t<input type=\"text\" id=\"field_x5alz3\" name=\"item_meta[36]\" value=\"\"  placeholder=\"Precisez vos besoins et centres d&#039;int\u00e9r\u00eat sur les sujets abord\u00e9s (Arduino, IA, IoT, etc.).\" data-invmsg=\"Vos attentes concernant le webinaire ou la formation  est non valide\" aria-invalid=\"false\"  \/>\r\n\t\r\n\t\r\n<\/div>\n<div id=\"frm_field_37_container\" class=\"frm_form_field form-field \">\r\n\t<div class=\"frm_submit frm_flex\">\r\n<button class=\"frm_button_submit\" type=\"submit\"  >Envoyer<\/button>\r\n\r\n\r\n\r\n<\/div>\r\n<\/div>\n\t<input type=\"hidden\" name=\"item_key\" value=\"\" \/>\n\t\t\t<div id=\"frm_field_38_container\">\n\t\t\t<label for=\"field_okt4y\" >\n\t\t\t\tSi vous \u00eates un humain, ne remplissez pas ce champ.\t\t\t<\/label>\n\t\t\t<input  id=\"field_okt4y\" type=\"text\" class=\"frm_form_field form-field frm_verify\" name=\"item_meta[38]\" value=\"\"  \/>\n\t\t<\/div>\n\t\t<input name=\"frm_state\" type=\"hidden\" value=\"fRNg0G60i8GKyvPjSspNTZ7wQl2w3sZo\/+nYtLviCbs=\" \/><\/div>\n<\/fieldset>\n<\/div>\n\n<\/form>\n<\/div>\n\n","protected":false},"excerpt":{"rendered":"<p>\ud83d\udee1\ufe0f Engagement de Confidentialit\u00e9 Les informations nominatives recueillies ici sont strictement r\u00e9serv\u00e9es \u00e0 la gestion logistique du Webinaire (envoi du lien s\u00e9curis\u00e9) et \u00e0 l&rsquo;\u00e9tablissement [&#8230;]<\/p>\n","protected":false},"author":1,"featured_media":0,"parent":0,"menu_order":0,"comment_status":"closed","ping_status":"closed","template":"","meta":{"footnotes":""},"class_list":["post-77","page","type-page","status-publish","hentry"],"_links":{"self":[{"href":"https:\/\/formatech.edilf.fr\/index.php\/wp-json\/wp\/v2\/pages\/77","targetHints":{"allow":["GET"]}}],"collection":[{"href":"https:\/\/formatech.edilf.fr\/index.php\/wp-json\/wp\/v2\/pages"}],"about":[{"href":"https:\/\/formatech.edilf.fr\/index.php\/wp-json\/wp\/v2\/types\/page"}],"author":[{"embeddable":true,"href":"https:\/\/formatech.edilf.fr\/index.php\/wp-json\/wp\/v2\/users\/1"}],"replies":[{"embeddable":true,"href":"https:\/\/formatech.edilf.fr\/index.php\/wp-json\/wp\/v2\/comments?post=77"}],"version-history":[{"count":5,"href":"https:\/\/formatech.edilf.fr\/index.php\/wp-json\/wp\/v2\/pages\/77\/revisions"}],"predecessor-version":[{"id":112,"href":"https:\/\/formatech.edilf.fr\/index.php\/wp-json\/wp\/v2\/pages\/77\/revisions\/112"}],"wp:attachment":[{"href":"https:\/\/formatech.edilf.fr\/index.php\/wp-json\/wp\/v2\/media?parent=77"}],"curies":[{"name":"wp","href":"https:\/\/api.w.org\/{rel}","templated":true}]}}