{"id":67,"date":"2025-12-28T14:50:19","date_gmt":"2025-12-28T13:50:19","guid":{"rendered":"https:\/\/formatech.edilf.fr\/?page_id=67"},"modified":"2025-12-28T19:46:17","modified_gmt":"2025-12-28T18:46:17","slug":"formulaire-inspecteurs-et-agreges-du-secondaire","status":"publish","type":"page","link":"https:\/\/formatech.edilf.fr\/index.php\/formulaire-inspecteurs-et-agreges-du-secondaire\/","title":{"rendered":"Formulaire Inspecteurs et Agreges du Secondaire"},"content":{"rendered":"<div style=\"background-color: #fff9db; border: 2px solid #ffca28; padding: 20px; border-radius: 10px; margin-bottom: 25px; font-family: 'Segoe UI', Arial, sans-serif; box-sizing: border-box; width: 100%;\">\r\n    <div style=\"display: flex; align-items: center; margin-bottom: 10px;\">\r\n        <span style=\"font-size: 30px; margin-right: 15px;\">\ud83d\udee1\ufe0f<\/span>\r\n        <strong style=\"color: #1a237e; font-size: 20px; text-transform: uppercase;\">Engagement de Confidentialit\u00e9<\/strong>\r\n    <\/div>\r\n    <p style=\"margin: 0; color: #1a237e; font-size: 18px; line-height: 1.6; text-align: left;\">\r\n        Les informations nominatives recueillies ici sont strictement r\u00e9serv\u00e9es \u00e0 la gestion logistique du Webinaire (envoi du lien s\u00e9curis\u00e9) et \u00e0 l&rsquo;\u00e9tablissement de votre <strong>Attestation de Participation<\/strong>. Aucune donn\u00e9e ne sera transmise \u00e0 des tiers ou \u00e0 votre hi\u00e9rarchie administrative.\r\n    <\/p>\r\n<\/div>\r\n<div class=\"frm_forms  with_frm_style frm_style_style-formidable\" id=\"frm_form_2_container\" >\n<form enctype=\"multipart\/form-data\" method=\"post\" class=\"frm-show-form \" id=\"form_inspecteurs-agreges-secondaire\" >\n<div class=\"frm_form_fields \">\n<fieldset>\n<legend class=\"frm_screen_reader\">Formulaire Inspecteurs et Agr\u00e9ges du Secondaire<\/legend>\r\n\r\n<div class=\"frm_fields_container\">\n<input type=\"hidden\" name=\"frm_action\" value=\"create\" \/>\n<input type=\"hidden\" name=\"form_id\" value=\"2\" \/>\n<input type=\"hidden\" name=\"frm_hide_fields_2\" id=\"frm_hide_fields_2\" value=\"\" \/>\n<input type=\"hidden\" name=\"form_key\" value=\"inspecteurs-agreges-secondaire\" \/>\n<input type=\"hidden\" name=\"item_meta[0]\" value=\"\" \/>\n<input type=\"hidden\" id=\"frm_submit_entry_2\" name=\"frm_submit_entry_2\" value=\"63342978ec\" \/><input type=\"hidden\" name=\"_wp_http_referer\" value=\"\/index.php\/wp-json\/wp\/v2\/pages\/67\" \/><div id=\"frm_field_6_container\" class=\"frm_form_field form-field  frm_required_field frm_top_container frm_first frm_half\">\r\n\t<label for=\"field_qh4icy2\" id=\"field_qh4icy2_label\" class=\"frm_primary_label\">Pr\u00e9nom\r\n\t\t<span class=\"frm_required\" aria-hidden=\"true\">*<\/span>\r\n\t<\/label>\r\n\t<input type=\"text\" id=\"field_qh4icy2\" name=\"item_meta[6]\" value=\"\"  data-reqmsg=\"Pr\u00e9nom ne peut pas \u00eatre vide.\" aria-required=\"true\" data-invmsg=\"Pr\u00e9nom est non valide\" aria-invalid=\"false\"   aria-describedby=\"frm_desc_field_qh4icy2\"\/>\r\n\t<div class=\"frm_description\" id=\"frm_desc_field_qh4icy2\">Pr\u00e9nom<\/div>\r\n\t\r\n<\/div>\n<div id=\"frm_field_7_container\" class=\"frm_form_field form-field  frm_required_field frm_hidden_container frm_half\">\r\n\t<label for=\"field_ocfup12\" id=\"field_ocfup12_label\" class=\"frm_primary_label\">Nom de famille\r\n\t\t<span class=\"frm_required\" aria-hidden=\"true\">*<\/span>\r\n\t<\/label>\r\n\t<input type=\"text\" id=\"field_ocfup12\" name=\"item_meta[7]\" value=\"\"  data-reqmsg=\"Nom de famille ne peut pas \u00eatre vide.\" aria-required=\"true\" data-invmsg=\"Nom de famille est non valide\" aria-invalid=\"false\"   aria-describedby=\"frm_desc_field_ocfup12\"\/>\r\n\t<div class=\"frm_description\" id=\"frm_desc_field_ocfup12\">Nom de famille<\/div>\r\n\t\r\n<\/div>\n<div id=\"frm_field_8_container\" class=\"frm_form_field form-field  frm_required_field frm_top_container frm_full\">\r\n\t<label for=\"field_29yf4d2\" id=\"field_29yf4d2_label\" class=\"frm_primary_label\">Email\r\n\t\t<span class=\"frm_required\" aria-hidden=\"true\">*<\/span>\r\n\t<\/label>\r\n\t<input type=\"email\" id=\"field_29yf4d2\" name=\"item_meta[8]\" value=\"\"  data-reqmsg=\"Email ne peut pas \u00eatre vide.\" aria-required=\"true\" data-invmsg=\"Please enter a valid email address\" aria-invalid=\"false\"  \/>\r\n\t\r\n\t\r\n<\/div>\n<div id=\"frm_field_12_container\" class=\"frm_form_field form-field  frm_required_field frm_top_container vertical_radio\">\r\n\t<div  id=\"field_xt2it_label\" class=\"frm_primary_label\">Titre \/ Grade\r\n\t\t<span class=\"frm_required\" aria-hidden=\"true\">*<\/span>\r\n\t<\/div>\r\n\t<div class=\"frm_opt_container\" aria-labelledby=\"field_xt2it_label\" role=\"radiogroup\" aria-required=\"true\">\t\t<div class=\"frm_radio\" id=\"frm_radio_12-0\">\t\t\t<label  for=\"field_xt2it-0\">\n\t\t\t\t\t<input type=\"radio\" name=\"item_meta[12]\" id=\"field_xt2it-0\" value=\"Inspecteur du Secondaire\"\n\t\t   data-reqmsg=\"Titre \/ Grade ne peut pas \u00eatre vide.\" data-invmsg=\"Titre \/ Grade est non valide\"  \/> Inspecteur du Secondaire<\/label><\/div>\n\t\t<div class=\"frm_radio\" id=\"frm_radio_12-1\">\t\t\t<label  for=\"field_xt2it-1\">\n\t\t\t\t\t<input type=\"radio\" name=\"item_meta[12]\" id=\"field_xt2it-1\" value=\"Professeur Agreg\u00e9 du Secondaire\"\n\t\t   data-reqmsg=\"Titre \/ Grade ne peut pas \u00eatre vide.\" data-invmsg=\"Titre \/ Grade est non valide\"  \/> Professeur Agreg\u00e9 du Secondaire<\/label><\/div>\n\t\t<div class=\"frm_radio\" id=\"frm_radio_12-2\">\t\t\t<label  for=\"field_xt2it-2\">\n\t\t\t\t\t<input type=\"radio\" name=\"item_meta[12]\" id=\"field_xt2it-2\" value=\"Autre\"\n\t\t   data-reqmsg=\"Titre \/ Grade ne peut pas \u00eatre vide.\" data-invmsg=\"Titre \/ Grade est non valide\"  \/> Autre<\/label><\/div>\n<\/div>\r\n\t<div class=\"frm_description\" id=\"frm_desc_field_xt2it\">Si autre, veuillez remplir le champ suivant (Autres titres ou grades)<\/div>\r\n\t\r\n<\/div>\n<div id=\"frm_field_9_container\" class=\"frm_form_field form-field  frm_top_container frm_full\">\r\n\t<label for=\"field_e6lis62\" id=\"field_e6lis62_label\" class=\"frm_primary_label\">Autres titres ou grades\r\n\t\t<span class=\"frm_required\" aria-hidden=\"true\"><\/span>\r\n\t<\/label>\r\n\t<input type=\"text\" id=\"field_e6lis62\" name=\"item_meta[9]\" value=\"\"  placeholder=\"Precisez ici votre titre ou grade si diff\u00e9rent de Inspecteur ou Agreg\u00e9\" data-invmsg=\"Autres titres ou grades est non valide\" aria-invalid=\"false\"   aria-describedby=\"frm_desc_field_e6lis62\"\/>\r\n\t<div class=\"frm_description\" id=\"frm_desc_field_e6lis62\">Autres titres ou grades<\/div>\r\n\t\r\n<\/div>\n<div id=\"frm_field_13_container\" class=\"frm_form_field form-field  frm_required_field frm_top_container\">\r\n\t<label for=\"field_azkdg\" id=\"field_azkdg_label\" class=\"frm_primary_label\">Num\u00e9ro WhatsAppp\r\n\t\t<span class=\"frm_required\" aria-hidden=\"true\">*<\/span>\r\n\t<\/label>\r\n\t<input type=\"text\" id=\"field_azkdg\" name=\"item_meta[13]\" value=\"\"  placeholder=\"Entrez votre num\u00e9ro sous la forme +Indicatif Numero, Exemple: +123 45678901\" data-reqmsg=\"Num\u00e9ro WhatsAppp ne peut pas \u00eatre vide.\" aria-required=\"true\" data-invmsg=\"Num\u00e9ro WhatsAppp est non valide\" aria-invalid=\"false\"   aria-describedby=\"frm_desc_field_azkdg\"\/>\r\n\t<div class=\"frm_description\" id=\"frm_desc_field_azkdg\">Ce num\u00e9ro sera utilis\u00e9 pour l&rsquo;envoi du  lien Google Meet ou des informations rapides<\/div>\r\n\t\r\n<\/div>\n<div id=\"frm_field_14_container\" class=\"frm_form_field form-field  frm_required_field frm_top_container\">\r\n\t<label for=\"field_i2xzb\" id=\"field_i2xzb_label\" class=\"frm_primary_label\">Domaine d&rsquo;expertise \/ discipline\r\n\t\t<span class=\"frm_required\" aria-hidden=\"true\">*<\/span>\r\n\t<\/label>\r\n\t<input type=\"text\" id=\"field_i2xzb\" name=\"item_meta[14]\" value=\"\"  placeholder=\"Par exemple, &quot;Math\u00e9matiques&quot;, &quot;Physique-Chimie&quot;\" data-reqmsg=\"Domaine d&#039;expertise \/ discipline ne peut pas \u00eatre vide.\" aria-required=\"true\" data-invmsg=\"Domaine d&#039;expertise \/ discipline est non valide\" aria-invalid=\"false\"   aria-describedby=\"frm_desc_field_i2xzb\"\/>\r\n\t<div class=\"frm_description\" id=\"frm_desc_field_i2xzb\">Votre domaine d&rsquo;expertise ou discipline<\/div>\r\n\t\r\n<\/div>\n<div id=\"frm_field_15_container\" class=\"frm_form_field form-field  frm_required_field frm_top_container\">\r\n\t<label for=\"field_q33tr\" id=\"field_q33tr_label\" class=\"frm_primary_label\">Description de la derni\u00e8re intervention p\u00e9dagogique significative\r\n\t\t<span class=\"frm_required\" aria-hidden=\"true\">*<\/span>\r\n\t<\/label>\r\n\t<input type=\"text\" id=\"field_q33tr\" name=\"item_meta[15]\" value=\"\"  placeholder=\"D\u00e9crivez bri\u00e8vement une exp\u00e9rience r\u00e9cente d&#039;encadrement, d&#039;\u00e9valuation ou de formation.\" data-reqmsg=\"Description de la derni\u00e8re intervention p\u00e9dagogique significative ne peut pas \u00eatre vide.\" aria-required=\"true\" data-invmsg=\"Description de la derni\u00e8re intervention p\u00e9dagogique significative est non valide\" aria-invalid=\"false\"   aria-describedby=\"frm_desc_field_q33tr\"\/>\r\n\t<div class=\"frm_description\" id=\"frm_desc_field_q33tr\">Par exemple: Supervision TP de Physique au Lyc\u00e9e Zinda, 12 Nov 2025<\/div>\r\n\t\r\n<\/div>\n<div id=\"frm_field_16_container\" class=\"frm_form_field form-field  frm_required_field frm_top_container\">\r\n\t<label for=\"field_ku8t3\" id=\"field_ku8t3_label\" class=\"frm_primary_label\">Date de cette derni\u00e8re intervention\r\n\t\t<span class=\"frm_required\" aria-hidden=\"true\">*<\/span>\r\n\t<\/label>\r\n\t<input type=\"text\" id=\"field_ku8t3\" name=\"item_meta[16]\" value=\"\"  placeholder=\"Par exemple: Janvier 2014\" data-reqmsg=\"Date de cette derni\u00e8re intervention ne peut pas \u00eatre vide.\" aria-required=\"true\" data-invmsg=\"Date de cette derni\u00e8re intervention est non valide\" aria-invalid=\"false\"   aria-describedby=\"frm_desc_field_ku8t3\"\/>\r\n\t<div class=\"frm_description\" id=\"frm_desc_field_ku8t3\">Cette information nous aide \u00e0 constituer des groupes de discussion homog\u00e8nes entre praticiens.<\/div>\r\n\t\r\n<\/div>\n<div id=\"frm_field_17_container\" class=\"frm_form_field form-field  frm_required_field frm_top_container\">\r\n\t<label for=\"field_x5alz\" id=\"field_x5alz_label\" class=\"frm_primary_label\">Vos attentes concernant le webinaire ou la formation \r\n\t\t<span class=\"frm_required\" aria-hidden=\"true\">*<\/span>\r\n\t<\/label>\r\n\t<input type=\"text\" id=\"field_x5alz\" name=\"item_meta[17]\" value=\"\"  placeholder=\"Precisez vos besoins et centres d&#039;int\u00e9r\u00eat sur les sujets abord\u00e9s (Arduino, IA, IoT, etc.).\" data-reqmsg=\"Vos attentes concernant le webinaire ou la formation  ne peut pas \u00eatre vide.\" aria-required=\"true\" data-invmsg=\"Vos attentes concernant le webinaire ou la formation  est non valide\" aria-invalid=\"false\"  \/>\r\n\t\r\n\t\r\n<\/div>\n<div id=\"frm_field_11_container\" class=\"frm_form_field form-field \">\r\n\t<div class=\"frm_submit frm_flex\">\r\n<button class=\"frm_button_submit\" type=\"submit\"  >Envoyer<\/button>\r\n\r\n\r\n\r\n<\/div>\r\n<\/div>\n\t<input type=\"hidden\" name=\"item_key\" value=\"\" \/>\n\t\t\t<div id=\"frm_field_38_container\">\n\t\t\t<label for=\"field_vneb8\" >\n\t\t\t\tSi vous \u00eates un humain, ne remplissez pas ce champ.\t\t\t<\/label>\n\t\t\t<input  id=\"field_vneb8\" type=\"text\" class=\"frm_form_field form-field frm_verify\" name=\"item_meta[38]\" value=\"\"  \/>\n\t\t<\/div>\n\t\t<input name=\"frm_state\" type=\"hidden\" value=\"fRNg0G60i8GKyvPjSspNTZ7wQl2w3sZo\/+nYtLviCbs=\" \/><\/div>\n<\/fieldset>\n<\/div>\n\n<\/form>\n<\/div>\n","protected":false},"excerpt":{"rendered":"<p>\ud83d\udee1\ufe0f Engagement de Confidentialit\u00e9 Les informations nominatives recueillies ici sont strictement r\u00e9serv\u00e9es \u00e0 la gestion logistique du Webinaire (envoi du lien s\u00e9curis\u00e9) et \u00e0 l&rsquo;\u00e9tablissement [&#8230;]<\/p>\n","protected":false},"author":1,"featured_media":0,"parent":0,"menu_order":0,"comment_status":"closed","ping_status":"closed","template":"","meta":{"footnotes":""},"class_list":["post-67","page","type-page","status-publish","hentry"],"_links":{"self":[{"href":"https:\/\/formatech.edilf.fr\/index.php\/wp-json\/wp\/v2\/pages\/67","targetHints":{"allow":["GET"]}}],"collection":[{"href":"https:\/\/formatech.edilf.fr\/index.php\/wp-json\/wp\/v2\/pages"}],"about":[{"href":"https:\/\/formatech.edilf.fr\/index.php\/wp-json\/wp\/v2\/types\/page"}],"author":[{"embeddable":true,"href":"https:\/\/formatech.edilf.fr\/index.php\/wp-json\/wp\/v2\/users\/1"}],"replies":[{"embeddable":true,"href":"https:\/\/formatech.edilf.fr\/index.php\/wp-json\/wp\/v2\/comments?post=67"}],"version-history":[{"count":5,"href":"https:\/\/formatech.edilf.fr\/index.php\/wp-json\/wp\/v2\/pages\/67\/revisions"}],"predecessor-version":[{"id":99,"href":"https:\/\/formatech.edilf.fr\/index.php\/wp-json\/wp\/v2\/pages\/67\/revisions\/99"}],"wp:attachment":[{"href":"https:\/\/formatech.edilf.fr\/index.php\/wp-json\/wp\/v2\/media?parent=67"}],"curies":[{"name":"wp","href":"https:\/\/api.w.org\/{rel}","templated":true}]}}