{"id":13,"date":"2025-12-27T18:43:18","date_gmt":"2025-12-27T17:43:18","guid":{"rendered":"https:\/\/formatech.edilf.fr\/?page_id=13"},"modified":"2025-12-28T00:07:05","modified_gmt":"2025-12-27T23:07:05","slug":"accueil-seminaires-techniques","status":"publish","type":"page","link":"https:\/\/formatech.edilf.fr\/","title":{"rendered":"Accueil S\u00e9minaires Techniques"},"content":{"rendered":"<div style=\"width:100%;background:linear-gradient(135deg,#1a237e 0%,#283593 100%);color:white;font-family:'Segoe UI',Arial,sans-serif;display:flex;flex-direction:column;align-items:center;justify-content:flex-start;padding:10px 20px 20px 20px;box-sizing:border-box;border:15px solid #ffca28;text-align:center;overflow:hidden;margin-bottom:10px;\">\n<div style=\"width:100%;margin-top:0;padding-top:0;\">\n<div style=\"font-weight:bold;font-size:20px;letter-spacing:1px;border-bottom:2px solid #ffca28;display:inline-block;padding-bottom:2px;line-height:1;\">UNIVERSIT\u00c9 NORBERT ZONGO <\/p>\n<p>LABORATOIRE DE CHIMIE ANALYTIQUE PHYSIQUE SPATIALE ET ENERGETIQUE (L@CAPSE)<\/div>\n<p><\/p>\n<div style=\"background:#ffca28;color:#1a237e;padding:3px 20px;font-weight:bold;border-radius:5px;font-size:18px;margin-top:8px;display:inline-block;line-height:1;\">SESSION D\u00c9CEMBRE 2025<\/div>\n<\/div>\n<div style=\"margin:10px 0;\">\n<h1 style=\"font-size:30px;line-height:0.8;margin:0;padding:0;color:#ffca28;text-transform:uppercase;font-weight:900;\">S\u00c9MINAIRE TECHNIQUE<\/h1>\n<h2 style=\"font-size:24px;line-height:0.8;margin:5px 0 0 0;padding:0;color:#ffffff;font-weight:bold;\">Arduino et  l\u2019IOT AU LYC\u00c9E<\/h2>\n<\/div>\n<div style=\"width:100%;margin-top:5px;\">\n<div style=\"font-size:18px;margin-bottom:10px;line-height:1;\">Anim\u00e9 par : <b>Pr Tournesol<\/b> | Expert en Instrumentation<\/div>\n<div style=\"background:white;color:#1a237e;padding:8px 25px;font-weight:bold;border-radius:50px;font-size:18px;display:inline-block;box-shadow:0 5px 15px rgba(0,0,0,0.3);line-height:1;\">CERTIFICAT DE PARTICIPATION D\u00c9LIVR\u00c9<\/div>\n<\/div>\n<\/div>\n<div class=\"axe-container\"><a class=\"axe-card\" href=\"https:\/\/formatech.edilf.fr\/index.php\/professeurs-des-colleges\/\"><span class=\"axe-title\">CAP-CEG Maths-PC<\/span><span class=\"axe-desc\">Professeurs Certifi\u00e9s des Coll\u00e8ges (Maths et PC).<\/span><span class=\"axe-footer\">D\u00e9tails &#038; Inscription \u2192<\/span><\/a><a class=\"axe-card\" href=\"https:\/\/formatech.edilf.fr\/index.php\/professeur-des-lycees\/\"><span class=\"axe-title\">CAPES PC<\/span><span class=\"axe-desc\">Professeurs Certifi\u00e9s des Lyc\u00e9es (Physique-Chimie).<\/span><span class=\"axe-footer\">D\u00e9tails &#038; Inscription \u2192<\/span><\/a><a class=\"axe-card\" href=\"https:\/\/formatech.edilf.fr\/index.php\/inspecteurs-et-agreges\/\"><span class=\"axe-title\">Professeurs Agr\u00e9g\u00e9s du Secondaire &#038; Inspecteurs<\/span><span class=\"axe-desc\">S\u00e9minaire haut niveau.<\/span><span class=\"axe-footer\">D\u00e9tails &#038; Inscription \u2192<\/span><\/a><\/div>\n","protected":false},"excerpt":{"rendered":"<p>UNIVERSIT\u00c9 NORBERT ZONGO LABORATOIRE DE CHIMIE ANALYTIQUE PHYSIQUE SPATIALE ET ENERGETIQUE (L@CAPSE) SESSION D\u00c9CEMBRE 2025 S\u00c9MINAIRE TECHNIQUE Arduino et l\u2019IOT AU LYC\u00c9E Anim\u00e9 par : [&#8230;]<\/p>\n","protected":false},"author":1,"featured_media":0,"parent":0,"menu_order":0,"comment_status":"closed","ping_status":"closed","template":"","meta":{"footnotes":""},"class_list":["post-13","page","type-page","status-publish","hentry"],"_links":{"self":[{"href":"https:\/\/formatech.edilf.fr\/index.php\/wp-json\/wp\/v2\/pages\/13","targetHints":{"allow":["GET"]}}],"collection":[{"href":"https:\/\/formatech.edilf.fr\/index.php\/wp-json\/wp\/v2\/pages"}],"about":[{"href":"https:\/\/formatech.edilf.fr\/index.php\/wp-json\/wp\/v2\/types\/page"}],"author":[{"embeddable":true,"href":"https:\/\/formatech.edilf.fr\/index.php\/wp-json\/wp\/v2\/users\/1"}],"replies":[{"embeddable":true,"href":"https:\/\/formatech.edilf.fr\/index.php\/wp-json\/wp\/v2\/comments?post=13"}],"version-history":[{"count":30,"href":"https:\/\/formatech.edilf.fr\/index.php\/wp-json\/wp\/v2\/pages\/13\/revisions"}],"predecessor-version":[{"id":50,"href":"https:\/\/formatech.edilf.fr\/index.php\/wp-json\/wp\/v2\/pages\/13\/revisions\/50"}],"wp:attachment":[{"href":"https:\/\/formatech.edilf.fr\/index.php\/wp-json\/wp\/v2\/media?parent=13"}],"curies":[{"name":"wp","href":"https:\/\/api.w.org\/{rel}","templated":true}]}}